{"id":149,"date":"2026-04-08T12:46:45","date_gmt":"2026-04-08T12:46:45","guid":{"rendered":"https:\/\/mojaoliwa.pl\/?post_type=product&#038;p=149"},"modified":"2026-04-14T14:54:09","modified_gmt":"2026-04-14T14:54:09","slug":"oliwa-bio-extra-vergine-sycylia","status":"publish","type":"product","link":"https:\/\/mojaoliwa.pl\/index.php\/produkt\/oliwa-bio-extra-vergine-sycylia\/","title":{"rendered":"Oliwa BIO Extra Vergine z Sycylii (IT-BIO-007)"},"content":{"rendered":"<p data-start=\"124\" data-end=\"174\"><strong data-start=\"124\" data-end=\"174\">Oliwa BIO Extra Vergine z Sycylii (IT-BIO-007)<\/strong><\/p>\n<p data-start=\"176\" data-end=\"378\">Certyfikowana oliwa BIO z Sycylii (IT-BIO-007), t\u0142oczona na zimno w rodzinnej t\u0142oczni. Powstaje z oliwek pochodz\u0105cych z certyfikowanych upraw ekologicznych, z poszanowaniem tradycyjnych metod produkcji.<\/p>\n<p data-start=\"380\" data-end=\"499\">To oliwa dla os\u00f3b, kt\u00f3re wybieraj\u0105 \u015bwiadomie \u2013 ceni\u0105 jako\u015b\u0107, autentyczne pochodzenie i prawdziwy smak, bez kompromis\u00f3w.<\/p>\n<p data-start=\"501\" data-end=\"597\">Charakteryzuje si\u0119 wyrazistym, ale zr\u00f3wnowa\u017conym profilem smakowym oraz \u015bwie\u017cym aromatem oliwek.<\/p>\n<p data-start=\"599\" data-end=\"611\"><strong data-start=\"599\" data-end=\"611\">Idealna:<\/strong><\/p>\n<ul data-start=\"612\" data-end=\"690\">\n<li data-section-id=\"1e17xm0\" data-start=\"612\" data-end=\"626\">do sa\u0142atek<\/li>\n<li data-section-id=\"1n3sg15\" data-start=\"627\" data-end=\"642\">do pieczywa<\/li>\n<li data-section-id=\"hfqwc2\" data-start=\"643\" data-end=\"662\">do da\u0144 na zimno<\/li>\n<li data-section-id=\"zsjm7s\" data-start=\"663\" data-end=\"690\">jako wyko\u0144czenie potraw<\/li>\n<\/ul>\n<p data-start=\"692\" data-end=\"711\"><strong data-start=\"692\" data-end=\"711\">Dlaczego warto:<\/strong><\/p>\n<ul data-start=\"712\" data-end=\"861\">\n<li data-section-id=\"1d7cwj8\" data-start=\"712\" data-end=\"752\">certyfikowana oliwa BIO (IT-BIO-007)<\/li>\n<li data-section-id=\"17cnq0o\" data-start=\"753\" data-end=\"774\">t\u0142oczona na zimno<\/li>\n<li data-section-id=\"147tcp5\" data-start=\"775\" data-end=\"800\">100% oliwek z Sycylii<\/li>\n<li data-section-id=\"1u2i7he\" data-start=\"801\" data-end=\"834\">produkcja w rodzinnej t\u0142oczni<\/li>\n<li data-section-id=\"i1yy7n\" data-start=\"835\" data-end=\"861\">\u015bwie\u017cy, naturalny smak<\/li>\n<\/ul>\n<p data-start=\"863\" data-end=\"1096\"><strong data-start=\"863\" data-end=\"883\">Certyfikacja BIO<\/strong><br data-start=\"883\" data-end=\"886\" \/>Produkt posiada certyfikat ekologiczny UE potwierdzony przez jednostk\u0119 kontroln\u0105 <strong data-start=\"967\" data-end=\"995\">IT-BIO-007 (Bioagricert)<\/strong>. Certyfikat gwarantuje zgodno\u015b\u0107 z normami produkcji ekologicznej obowi\u0105zuj\u0105cymi w Unii Europejskiej.<\/p>\n","protected":false},"excerpt":{"rendered":"<p data-start=\"1140\" data-end=\"1282\">Certyfikowana oliwa BIO extra vergine z Sycylii (IT-BIO-007). T\u0142oczona na zimno w rodzinnej t\u0142oczni, o intensywnym smaku i najwy\u017cszej jako\u015bci.<\/p>\n","protected":false},"featured_media":633,"comment_status":"open","ping_status":"closed","template":"","meta":{"_kadence_starter_templates_imported_post":false,"_kad_post_transparent":"default","_kad_post_title":"","_kad_post_layout":"default","_kad_post_sidebar_id":"","_kad_post_content_style":"default","_kad_post_vertical_padding":"default","_kad_post_feature":"","_kad_post_feature_position":"","_kad_post_header":false,"_kad_post_footer":false,"_kad_post_classname":""},"product_brand":[],"product_cat":[32],"product_tag":[],"class_list":{"0":"post-149","1":"product","2":"type-product","3":"status-publish","4":"has-post-thumbnail","6":"product_cat-oliwa-z-sycylii","8":"first","9":"instock","10":"shipping-taxable","11":"purchasable","12":"product-type-variable","13":"has-default-attributes","14":"entry","15":"content-bg","16":"loop-entry"},"yoast_head":"<!-- This site is optimized with the Yoast SEO plugin v27.3 - https:\/\/yoast.com\/product\/yoast-seo-wordpress\/ -->\n<title>Oliwa BIO Extra Vergine z Sycylii (IT-BIO-007) - Moja oliwa<\/title>\n<meta name=\"description\" content=\"Certyfikowana oliwa BIO extra vergine z Sycylii (IT-BIO-007). T\u0142oczona na zimno, intensywny smak i autentyczne pochodzenie. Kup online.\" \/>\n<meta name=\"robots\" content=\"index, follow, max-snippet:-1, max-image-preview:large, max-video-preview:-1\" \/>\n<link rel=\"canonical\" href=\"https:\/\/mojaoliwa.pl\/index.php\/produkt\/oliwa-bio-extra-vergine-sycylia\/\" \/>\n<meta property=\"og:locale\" content=\"pl_PL\" \/>\n<meta property=\"og:type\" content=\"article\" \/>\n<meta property=\"og:title\" content=\"Oliwa BIO Extra Vergine z Sycylii (IT-BIO-007) - Moja oliwa\" \/>\n<meta property=\"og:description\" content=\"Certyfikowana oliwa BIO extra vergine z Sycylii (IT-BIO-007). T\u0142oczona na zimno, intensywny smak i autentyczne pochodzenie. Kup online.\" \/>\n<meta property=\"og:url\" content=\"https:\/\/mojaoliwa.pl\/index.php\/produkt\/oliwa-bio-extra-vergine-sycylia\/\" \/>\n<meta property=\"og:site_name\" content=\"Moja oliwa\" \/>\n<meta property=\"article:modified_time\" content=\"2026-04-14T14:54:09+00:00\" \/>\n<meta property=\"og:image\" content=\"https:\/\/mojaoliwa.pl\/wp-content\/uploads\/2026\/04\/18160719-a5c8-4fc7-a381-c4ea35f43cc5.png\" \/>\n\t<meta property=\"og:image:width\" content=\"1024\" \/>\n\t<meta property=\"og:image:height\" content=\"1024\" \/>\n\t<meta property=\"og:image:type\" content=\"image\/png\" \/>\n<meta name=\"twitter:card\" content=\"summary_large_image\" \/>\n<meta name=\"twitter:label1\" content=\"Szacowany czas czytania\" \/>\n\t<meta name=\"twitter:data1\" content=\"1 minuta\" \/>\n<script type=\"application\/ld+json\" class=\"yoast-schema-graph\">{\"@context\":\"https:\\\/\\\/schema.org\",\"@graph\":[{\"@type\":\"WebPage\",\"@id\":\"https:\\\/\\\/mojaoliwa.pl\\\/index.php\\\/produkt\\\/oliwa-bio-extra-vergine-sycylia\\\/\",\"url\":\"https:\\\/\\\/mojaoliwa.pl\\\/index.php\\\/produkt\\\/oliwa-bio-extra-vergine-sycylia\\\/\",\"name\":\"Oliwa BIO Extra Vergine z Sycylii (IT-BIO-007) - Moja oliwa\",\"isPartOf\":{\"@id\":\"https:\\\/\\\/mojaoliwa.pl\\\/#website\"},\"primaryImageOfPage\":{\"@id\":\"https:\\\/\\\/mojaoliwa.pl\\\/index.php\\\/produkt\\\/oliwa-bio-extra-vergine-sycylia\\\/#primaryimage\"},\"image\":{\"@id\":\"https:\\\/\\\/mojaoliwa.pl\\\/index.php\\\/produkt\\\/oliwa-bio-extra-vergine-sycylia\\\/#primaryimage\"},\"thumbnailUrl\":\"https:\\\/\\\/mojaoliwa.pl\\\/wp-content\\\/uploads\\\/2026\\\/04\\\/18160719-a5c8-4fc7-a381-c4ea35f43cc5.png\",\"datePublished\":\"2026-04-08T12:46:45+00:00\",\"dateModified\":\"2026-04-14T14:54:09+00:00\",\"description\":\"Certyfikowana oliwa BIO extra vergine z Sycylii (IT-BIO-007). T\u0142oczona na zimno, intensywny smak i autentyczne pochodzenie. Kup online.\",\"breadcrumb\":{\"@id\":\"https:\\\/\\\/mojaoliwa.pl\\\/index.php\\\/produkt\\\/oliwa-bio-extra-vergine-sycylia\\\/#breadcrumb\"},\"inLanguage\":\"pl-PL\",\"potentialAction\":[{\"@type\":\"ReadAction\",\"target\":[\"https:\\\/\\\/mojaoliwa.pl\\\/index.php\\\/produkt\\\/oliwa-bio-extra-vergine-sycylia\\\/\"]}]},{\"@type\":\"ImageObject\",\"inLanguage\":\"pl-PL\",\"@id\":\"https:\\\/\\\/mojaoliwa.pl\\\/index.php\\\/produkt\\\/oliwa-bio-extra-vergine-sycylia\\\/#primaryimage\",\"url\":\"https:\\\/\\\/mojaoliwa.pl\\\/wp-content\\\/uploads\\\/2026\\\/04\\\/18160719-a5c8-4fc7-a381-c4ea35f43cc5.png\",\"contentUrl\":\"https:\\\/\\\/mojaoliwa.pl\\\/wp-content\\\/uploads\\\/2026\\\/04\\\/18160719-a5c8-4fc7-a381-c4ea35f43cc5.png\",\"width\":1024,\"height\":1024,\"caption\":\"oliwa bio extra vergine z Sycylii IT-BIO-007 0,5 l butelka\"},{\"@type\":\"BreadcrumbList\",\"@id\":\"https:\\\/\\\/mojaoliwa.pl\\\/index.php\\\/produkt\\\/oliwa-bio-extra-vergine-sycylia\\\/#breadcrumb\",\"itemListElement\":[{\"@type\":\"ListItem\",\"position\":1,\"name\":\"Strona g\u0142\u00f3wna\",\"item\":\"https:\\\/\\\/mojaoliwa.pl\\\/\"},{\"@type\":\"ListItem\",\"position\":2,\"name\":\"Sklep\",\"item\":\"https:\\\/\\\/mojaoliwa.pl\\\/index.php\\\/sklep\\\/\"},{\"@type\":\"ListItem\",\"position\":3,\"name\":\"Oliwa BIO Extra Vergine z Sycylii (IT-BIO-007)\"}]},{\"@type\":\"WebSite\",\"@id\":\"https:\\\/\\\/mojaoliwa.pl\\\/#website\",\"url\":\"https:\\\/\\\/mojaoliwa.pl\\\/\",\"name\":\"Moja oliwa\",\"description\":\"\",\"publisher\":{\"@id\":\"https:\\\/\\\/mojaoliwa.pl\\\/#organization\"},\"potentialAction\":[{\"@type\":\"SearchAction\",\"target\":{\"@type\":\"EntryPoint\",\"urlTemplate\":\"https:\\\/\\\/mojaoliwa.pl\\\/?s={search_term_string}\"},\"query-input\":{\"@type\":\"PropertyValueSpecification\",\"valueRequired\":true,\"valueName\":\"search_term_string\"}}],\"inLanguage\":\"pl-PL\"},{\"@type\":\"Organization\",\"@id\":\"https:\\\/\\\/mojaoliwa.pl\\\/#organization\",\"name\":\"Moja oliwa\",\"url\":\"https:\\\/\\\/mojaoliwa.pl\\\/\",\"logo\":{\"@type\":\"ImageObject\",\"inLanguage\":\"pl-PL\",\"@id\":\"https:\\\/\\\/mojaoliwa.pl\\\/#\\\/schema\\\/logo\\\/image\\\/\",\"url\":\"https:\\\/\\\/mojaoliwa.pl\\\/wp-content\\\/uploads\\\/2026\\\/04\\\/cropped-Logo-_moja-oliwa_-w-cieplych-barwach.png\",\"contentUrl\":\"https:\\\/\\\/mojaoliwa.pl\\\/wp-content\\\/uploads\\\/2026\\\/04\\\/cropped-Logo-_moja-oliwa_-w-cieplych-barwach.png\",\"width\":817,\"height\":614,\"caption\":\"Moja oliwa\"},\"image\":{\"@id\":\"https:\\\/\\\/mojaoliwa.pl\\\/#\\\/schema\\\/logo\\\/image\\\/\"}}]}<\/script>\n<!-- \/ Yoast SEO plugin. -->","yoast_head_json":{"title":"Oliwa BIO Extra Vergine z Sycylii (IT-BIO-007) - Moja oliwa","description":"Certyfikowana oliwa BIO extra vergine z Sycylii (IT-BIO-007). T\u0142oczona na zimno, intensywny smak i autentyczne pochodzenie. Kup online.","robots":{"index":"index","follow":"follow","max-snippet":"max-snippet:-1","max-image-preview":"max-image-preview:large","max-video-preview":"max-video-preview:-1"},"canonical":"https:\/\/mojaoliwa.pl\/index.php\/produkt\/oliwa-bio-extra-vergine-sycylia\/","og_locale":"pl_PL","og_type":"article","og_title":"Oliwa BIO Extra Vergine z Sycylii (IT-BIO-007) - Moja oliwa","og_description":"Certyfikowana oliwa BIO extra vergine z Sycylii (IT-BIO-007). T\u0142oczona na zimno, intensywny smak i autentyczne pochodzenie. Kup online.","og_url":"https:\/\/mojaoliwa.pl\/index.php\/produkt\/oliwa-bio-extra-vergine-sycylia\/","og_site_name":"Moja oliwa","article_modified_time":"2026-04-14T14:54:09+00:00","og_image":[{"width":1024,"height":1024,"url":"https:\/\/mojaoliwa.pl\/wp-content\/uploads\/2026\/04\/18160719-a5c8-4fc7-a381-c4ea35f43cc5.png","type":"image\/png"}],"twitter_card":"summary_large_image","twitter_misc":{"Szacowany czas czytania":"1 minuta"},"schema":{"@context":"https:\/\/schema.org","@graph":[{"@type":"WebPage","@id":"https:\/\/mojaoliwa.pl\/index.php\/produkt\/oliwa-bio-extra-vergine-sycylia\/","url":"https:\/\/mojaoliwa.pl\/index.php\/produkt\/oliwa-bio-extra-vergine-sycylia\/","name":"Oliwa BIO Extra Vergine z Sycylii (IT-BIO-007) - Moja oliwa","isPartOf":{"@id":"https:\/\/mojaoliwa.pl\/#website"},"primaryImageOfPage":{"@id":"https:\/\/mojaoliwa.pl\/index.php\/produkt\/oliwa-bio-extra-vergine-sycylia\/#primaryimage"},"image":{"@id":"https:\/\/mojaoliwa.pl\/index.php\/produkt\/oliwa-bio-extra-vergine-sycylia\/#primaryimage"},"thumbnailUrl":"https:\/\/mojaoliwa.pl\/wp-content\/uploads\/2026\/04\/18160719-a5c8-4fc7-a381-c4ea35f43cc5.png","datePublished":"2026-04-08T12:46:45+00:00","dateModified":"2026-04-14T14:54:09+00:00","description":"Certyfikowana oliwa BIO extra vergine z Sycylii (IT-BIO-007). T\u0142oczona na zimno, intensywny smak i autentyczne pochodzenie. Kup online.","breadcrumb":{"@id":"https:\/\/mojaoliwa.pl\/index.php\/produkt\/oliwa-bio-extra-vergine-sycylia\/#breadcrumb"},"inLanguage":"pl-PL","potentialAction":[{"@type":"ReadAction","target":["https:\/\/mojaoliwa.pl\/index.php\/produkt\/oliwa-bio-extra-vergine-sycylia\/"]}]},{"@type":"ImageObject","inLanguage":"pl-PL","@id":"https:\/\/mojaoliwa.pl\/index.php\/produkt\/oliwa-bio-extra-vergine-sycylia\/#primaryimage","url":"https:\/\/mojaoliwa.pl\/wp-content\/uploads\/2026\/04\/18160719-a5c8-4fc7-a381-c4ea35f43cc5.png","contentUrl":"https:\/\/mojaoliwa.pl\/wp-content\/uploads\/2026\/04\/18160719-a5c8-4fc7-a381-c4ea35f43cc5.png","width":1024,"height":1024,"caption":"oliwa bio extra vergine z Sycylii IT-BIO-007 0,5 l butelka"},{"@type":"BreadcrumbList","@id":"https:\/\/mojaoliwa.pl\/index.php\/produkt\/oliwa-bio-extra-vergine-sycylia\/#breadcrumb","itemListElement":[{"@type":"ListItem","position":1,"name":"Strona g\u0142\u00f3wna","item":"https:\/\/mojaoliwa.pl\/"},{"@type":"ListItem","position":2,"name":"Sklep","item":"https:\/\/mojaoliwa.pl\/index.php\/sklep\/"},{"@type":"ListItem","position":3,"name":"Oliwa BIO Extra Vergine z Sycylii (IT-BIO-007)"}]},{"@type":"WebSite","@id":"https:\/\/mojaoliwa.pl\/#website","url":"https:\/\/mojaoliwa.pl\/","name":"Moja oliwa","description":"","publisher":{"@id":"https:\/\/mojaoliwa.pl\/#organization"},"potentialAction":[{"@type":"SearchAction","target":{"@type":"EntryPoint","urlTemplate":"https:\/\/mojaoliwa.pl\/?s={search_term_string}"},"query-input":{"@type":"PropertyValueSpecification","valueRequired":true,"valueName":"search_term_string"}}],"inLanguage":"pl-PL"},{"@type":"Organization","@id":"https:\/\/mojaoliwa.pl\/#organization","name":"Moja oliwa","url":"https:\/\/mojaoliwa.pl\/","logo":{"@type":"ImageObject","inLanguage":"pl-PL","@id":"https:\/\/mojaoliwa.pl\/#\/schema\/logo\/image\/","url":"https:\/\/mojaoliwa.pl\/wp-content\/uploads\/2026\/04\/cropped-Logo-_moja-oliwa_-w-cieplych-barwach.png","contentUrl":"https:\/\/mojaoliwa.pl\/wp-content\/uploads\/2026\/04\/cropped-Logo-_moja-oliwa_-w-cieplych-barwach.png","width":817,"height":614,"caption":"Moja oliwa"},"image":{"@id":"https:\/\/mojaoliwa.pl\/#\/schema\/logo\/image\/"}}]}},"_links":{"self":[{"href":"https:\/\/mojaoliwa.pl\/index.php\/wp-json\/wp\/v2\/product\/149","targetHints":{"allow":["GET"]}}],"collection":[{"href":"https:\/\/mojaoliwa.pl\/index.php\/wp-json\/wp\/v2\/product"}],"about":[{"href":"https:\/\/mojaoliwa.pl\/index.php\/wp-json\/wp\/v2\/types\/product"}],"replies":[{"embeddable":true,"href":"https:\/\/mojaoliwa.pl\/index.php\/wp-json\/wp\/v2\/comments?post=149"}],"wp:featuredmedia":[{"embeddable":true,"href":"https:\/\/mojaoliwa.pl\/index.php\/wp-json\/wp\/v2\/media\/633"}],"wp:attachment":[{"href":"https:\/\/mojaoliwa.pl\/index.php\/wp-json\/wp\/v2\/media?parent=149"}],"wp:term":[{"taxonomy":"product_brand","embeddable":true,"href":"https:\/\/mojaoliwa.pl\/index.php\/wp-json\/wp\/v2\/product_brand?post=149"},{"taxonomy":"product_cat","embeddable":true,"href":"https:\/\/mojaoliwa.pl\/index.php\/wp-json\/wp\/v2\/product_cat?post=149"},{"taxonomy":"product_tag","embeddable":true,"href":"https:\/\/mojaoliwa.pl\/index.php\/wp-json\/wp\/v2\/product_tag?post=149"}],"curies":[{"name":"wp","href":"https:\/\/api.w.org\/{rel}","templated":true}]}}