{"id":120,"date":"2026-04-08T08:53:55","date_gmt":"2026-04-08T08:53:55","guid":{"rendered":"https:\/\/mojaoliwa.pl\/?post_type=product&#038;p=120"},"modified":"2026-04-14T12:32:36","modified_gmt":"2026-04-14T12:32:36","slug":"oliwa-rodzinna-tlocznia-sycylia","status":"publish","type":"product","link":"https:\/\/mojaoliwa.pl\/index.php\/produkt\/oliwa-rodzinna-tlocznia-sycylia\/","title":{"rendered":"Oliwa extra vergine z Sycylii \u2013 rodzinna t\u0142ocznia"},"content":{"rendered":"<p data-start=\"761\" data-end=\"872\"><strong data-start=\"761\" data-end=\"872\">Oliwa extra vergine z Sycylii to produkt powstaj\u0105cy w rodzinnej t\u0142oczni, gdzie liczy si\u0119 jako\u015b\u0107 i tradycja.<\/strong><\/p>\n<p data-start=\"201\" data-end=\"366\">Ta oliwa powstaje w rodzinnej t\u0142oczni na Sycylii, gdzie proces produkcji opiera si\u0119 na do\u015bwiadczeniu i tradycyjnych metodach przekazywanych z pokolenia na pokolenie.<\/p>\n<p data-start=\"368\" data-end=\"446\">To oliwa wybierana ze wzgl\u0119du na smak, jako\u015b\u0107 i pochodzenie \u2014 bez kompromis\u00f3w.<\/p>\n<p data-start=\"448\" data-end=\"538\">Charakteryzuje si\u0119 harmonijnym, dobrze zbalansowanym smakiem oraz \u015bwie\u017cym aromatem oliwek.<\/p>\n<p data-start=\"540\" data-end=\"552\"><strong data-start=\"540\" data-end=\"552\">Idealna:<\/strong><\/p>\n<ul data-start=\"553\" data-end=\"628\">\n<li data-section-id=\"1e17xm0\" data-start=\"553\" data-end=\"567\">do sa\u0142atek<\/li>\n<li data-section-id=\"1n3sg15\" data-start=\"568\" data-end=\"583\">do pieczywa<\/li>\n<li data-section-id=\"poiq0i\" data-start=\"584\" data-end=\"600\">do makaron\u00f3w<\/li>\n<li data-section-id=\"zsjm7s\" data-start=\"601\" data-end=\"628\">jako wyko\u0144czenie potraw<\/li>\n<\/ul>\n<p data-start=\"630\" data-end=\"649\"><strong data-start=\"630\" data-end=\"649\">Dlaczego warto:<\/strong><\/p>\n<ul data-start=\"650\" data-end=\"797\">\n<li data-section-id=\"17cnq0o\" data-start=\"650\" data-end=\"671\">t\u0142oczona na zimno<\/li>\n<li data-section-id=\"tczxmk\" data-start=\"672\" data-end=\"704\">pochodzi z rodzinnej t\u0142oczni<\/li>\n<li data-section-id=\"1emzapu\" data-start=\"705\" data-end=\"750\">oparta na tradycyjnych metodach produkcji<\/li>\n<li data-section-id=\"w5j44a\" data-start=\"751\" data-end=\"797\">wyselekcjonowana bezpo\u015brednio u producenta<\/li>\n<\/ul>\n","protected":false},"excerpt":{"rendered":"<p data-start=\"990\" data-end=\"1104\"><strong data-start=\"990\" data-end=\"1104\">Oliwa extra vergine z Sycylii t\u0142oczona na zimno w rodzinnej t\u0142oczni. Harmonijny smak i sprawdzone pochodzenie.<\/strong><\/p>\n","protected":false},"featured_media":621,"comment_status":"open","ping_status":"closed","template":"","meta":{"_kadence_starter_templates_imported_post":false,"_kad_post_transparent":"default","_kad_post_title":"","_kad_post_layout":"default","_kad_post_sidebar_id":"","_kad_post_content_style":"default","_kad_post_vertical_padding":"default","_kad_post_feature":"","_kad_post_feature_position":"","_kad_post_header":false,"_kad_post_footer":false,"_kad_post_classname":""},"product_brand":[],"product_cat":[32],"product_tag":[],"class_list":{"0":"post-120","1":"product","2":"type-product","3":"status-publish","4":"has-post-thumbnail","6":"product_cat-oliwa-z-sycylii","8":"first","9":"instock","10":"shipping-taxable","11":"purchasable","12":"product-type-variable","13":"has-default-attributes","14":"entry","15":"content-bg","16":"loop-entry"},"yoast_head":"<!-- This site is optimized with the Yoast SEO plugin v27.3 - https:\/\/yoast.com\/product\/yoast-seo-wordpress\/ -->\n<title>Oliwa extra vergine z Sycylii \u2013 rodzinna t\u0142ocznia - Moja oliwa<\/title>\n<meta name=\"description\" content=\"Oliwa extra vergine z Sycylii t\u0142oczona na zimno w rodzinnej t\u0142oczni. Harmonijny smak, wysoka jako\u015b\u0107 i autentyczne pochodzenie.\" \/>\n<meta name=\"robots\" content=\"index, follow, max-snippet:-1, max-image-preview:large, max-video-preview:-1\" \/>\n<link rel=\"canonical\" href=\"https:\/\/mojaoliwa.pl\/index.php\/produkt\/oliwa-rodzinna-tlocznia-sycylia\/\" \/>\n<meta property=\"og:locale\" content=\"pl_PL\" \/>\n<meta property=\"og:type\" content=\"article\" \/>\n<meta property=\"og:title\" content=\"Oliwa extra vergine z Sycylii \u2013 rodzinna t\u0142ocznia - Moja oliwa\" \/>\n<meta property=\"og:description\" content=\"Oliwa extra vergine z Sycylii t\u0142oczona na zimno w rodzinnej t\u0142oczni. Harmonijny smak, wysoka jako\u015b\u0107 i autentyczne pochodzenie.\" \/>\n<meta property=\"og:url\" content=\"https:\/\/mojaoliwa.pl\/index.php\/produkt\/oliwa-rodzinna-tlocznia-sycylia\/\" \/>\n<meta property=\"og:site_name\" content=\"Moja oliwa\" \/>\n<meta property=\"article:modified_time\" content=\"2026-04-14T12:32:36+00:00\" \/>\n<meta property=\"og:image\" content=\"https:\/\/mojaoliwa.pl\/wp-content\/uploads\/2026\/04\/Zielen-oliwy-w-eleganckiej-butelce-1.png\" \/>\n\t<meta property=\"og:image:width\" content=\"1024\" \/>\n\t<meta property=\"og:image:height\" content=\"1024\" \/>\n\t<meta property=\"og:image:type\" content=\"image\/png\" \/>\n<meta name=\"twitter:card\" content=\"summary_large_image\" \/>\n<meta name=\"twitter:label1\" content=\"Szacowany czas czytania\" \/>\n\t<meta name=\"twitter:data1\" content=\"1 minuta\" \/>\n<script type=\"application\/ld+json\" class=\"yoast-schema-graph\">{\"@context\":\"https:\\\/\\\/schema.org\",\"@graph\":[{\"@type\":\"WebPage\",\"@id\":\"https:\\\/\\\/mojaoliwa.pl\\\/index.php\\\/produkt\\\/oliwa-rodzinna-tlocznia-sycylia\\\/\",\"url\":\"https:\\\/\\\/mojaoliwa.pl\\\/index.php\\\/produkt\\\/oliwa-rodzinna-tlocznia-sycylia\\\/\",\"name\":\"Oliwa extra vergine z Sycylii \u2013 rodzinna t\u0142ocznia - Moja oliwa\",\"isPartOf\":{\"@id\":\"https:\\\/\\\/mojaoliwa.pl\\\/#website\"},\"primaryImageOfPage\":{\"@id\":\"https:\\\/\\\/mojaoliwa.pl\\\/index.php\\\/produkt\\\/oliwa-rodzinna-tlocznia-sycylia\\\/#primaryimage\"},\"image\":{\"@id\":\"https:\\\/\\\/mojaoliwa.pl\\\/index.php\\\/produkt\\\/oliwa-rodzinna-tlocznia-sycylia\\\/#primaryimage\"},\"thumbnailUrl\":\"https:\\\/\\\/mojaoliwa.pl\\\/wp-content\\\/uploads\\\/2026\\\/04\\\/Zielen-oliwy-w-eleganckiej-butelce-1.png\",\"datePublished\":\"2026-04-08T08:53:55+00:00\",\"dateModified\":\"2026-04-14T12:32:36+00:00\",\"description\":\"Oliwa extra vergine z Sycylii t\u0142oczona na zimno w rodzinnej t\u0142oczni. Harmonijny smak, wysoka jako\u015b\u0107 i autentyczne pochodzenie.\",\"breadcrumb\":{\"@id\":\"https:\\\/\\\/mojaoliwa.pl\\\/index.php\\\/produkt\\\/oliwa-rodzinna-tlocznia-sycylia\\\/#breadcrumb\"},\"inLanguage\":\"pl-PL\",\"potentialAction\":[{\"@type\":\"ReadAction\",\"target\":[\"https:\\\/\\\/mojaoliwa.pl\\\/index.php\\\/produkt\\\/oliwa-rodzinna-tlocznia-sycylia\\\/\"]}]},{\"@type\":\"ImageObject\",\"inLanguage\":\"pl-PL\",\"@id\":\"https:\\\/\\\/mojaoliwa.pl\\\/index.php\\\/produkt\\\/oliwa-rodzinna-tlocznia-sycylia\\\/#primaryimage\",\"url\":\"https:\\\/\\\/mojaoliwa.pl\\\/wp-content\\\/uploads\\\/2026\\\/04\\\/Zielen-oliwy-w-eleganckiej-butelce-1.png\",\"contentUrl\":\"https:\\\/\\\/mojaoliwa.pl\\\/wp-content\\\/uploads\\\/2026\\\/04\\\/Zielen-oliwy-w-eleganckiej-butelce-1.png\",\"width\":1024,\"height\":1024,\"caption\":\"oliwa extra vergine z Sycylii 0,5 l z rodzinnej t\u0142oczni butelka\"},{\"@type\":\"BreadcrumbList\",\"@id\":\"https:\\\/\\\/mojaoliwa.pl\\\/index.php\\\/produkt\\\/oliwa-rodzinna-tlocznia-sycylia\\\/#breadcrumb\",\"itemListElement\":[{\"@type\":\"ListItem\",\"position\":1,\"name\":\"Strona g\u0142\u00f3wna\",\"item\":\"https:\\\/\\\/mojaoliwa.pl\\\/\"},{\"@type\":\"ListItem\",\"position\":2,\"name\":\"Sklep\",\"item\":\"https:\\\/\\\/mojaoliwa.pl\\\/index.php\\\/sklep\\\/\"},{\"@type\":\"ListItem\",\"position\":3,\"name\":\"Oliwa extra vergine z Sycylii \u2013 rodzinna t\u0142ocznia\"}]},{\"@type\":\"WebSite\",\"@id\":\"https:\\\/\\\/mojaoliwa.pl\\\/#website\",\"url\":\"https:\\\/\\\/mojaoliwa.pl\\\/\",\"name\":\"Moja oliwa\",\"description\":\"\",\"publisher\":{\"@id\":\"https:\\\/\\\/mojaoliwa.pl\\\/#organization\"},\"potentialAction\":[{\"@type\":\"SearchAction\",\"target\":{\"@type\":\"EntryPoint\",\"urlTemplate\":\"https:\\\/\\\/mojaoliwa.pl\\\/?s={search_term_string}\"},\"query-input\":{\"@type\":\"PropertyValueSpecification\",\"valueRequired\":true,\"valueName\":\"search_term_string\"}}],\"inLanguage\":\"pl-PL\"},{\"@type\":\"Organization\",\"@id\":\"https:\\\/\\\/mojaoliwa.pl\\\/#organization\",\"name\":\"Moja oliwa\",\"url\":\"https:\\\/\\\/mojaoliwa.pl\\\/\",\"logo\":{\"@type\":\"ImageObject\",\"inLanguage\":\"pl-PL\",\"@id\":\"https:\\\/\\\/mojaoliwa.pl\\\/#\\\/schema\\\/logo\\\/image\\\/\",\"url\":\"https:\\\/\\\/mojaoliwa.pl\\\/wp-content\\\/uploads\\\/2026\\\/04\\\/cropped-Logo-_moja-oliwa_-w-cieplych-barwach.png\",\"contentUrl\":\"https:\\\/\\\/mojaoliwa.pl\\\/wp-content\\\/uploads\\\/2026\\\/04\\\/cropped-Logo-_moja-oliwa_-w-cieplych-barwach.png\",\"width\":817,\"height\":614,\"caption\":\"Moja oliwa\"},\"image\":{\"@id\":\"https:\\\/\\\/mojaoliwa.pl\\\/#\\\/schema\\\/logo\\\/image\\\/\"}}]}<\/script>\n<!-- \/ Yoast SEO plugin. -->","yoast_head_json":{"title":"Oliwa extra vergine z Sycylii \u2013 rodzinna t\u0142ocznia - Moja oliwa","description":"Oliwa extra vergine z Sycylii t\u0142oczona na zimno w rodzinnej t\u0142oczni. Harmonijny smak, wysoka jako\u015b\u0107 i autentyczne pochodzenie.","robots":{"index":"index","follow":"follow","max-snippet":"max-snippet:-1","max-image-preview":"max-image-preview:large","max-video-preview":"max-video-preview:-1"},"canonical":"https:\/\/mojaoliwa.pl\/index.php\/produkt\/oliwa-rodzinna-tlocznia-sycylia\/","og_locale":"pl_PL","og_type":"article","og_title":"Oliwa extra vergine z Sycylii \u2013 rodzinna t\u0142ocznia - Moja oliwa","og_description":"Oliwa extra vergine z Sycylii t\u0142oczona na zimno w rodzinnej t\u0142oczni. Harmonijny smak, wysoka jako\u015b\u0107 i autentyczne pochodzenie.","og_url":"https:\/\/mojaoliwa.pl\/index.php\/produkt\/oliwa-rodzinna-tlocznia-sycylia\/","og_site_name":"Moja oliwa","article_modified_time":"2026-04-14T12:32:36+00:00","og_image":[{"width":1024,"height":1024,"url":"https:\/\/mojaoliwa.pl\/wp-content\/uploads\/2026\/04\/Zielen-oliwy-w-eleganckiej-butelce-1.png","type":"image\/png"}],"twitter_card":"summary_large_image","twitter_misc":{"Szacowany czas czytania":"1 minuta"},"schema":{"@context":"https:\/\/schema.org","@graph":[{"@type":"WebPage","@id":"https:\/\/mojaoliwa.pl\/index.php\/produkt\/oliwa-rodzinna-tlocznia-sycylia\/","url":"https:\/\/mojaoliwa.pl\/index.php\/produkt\/oliwa-rodzinna-tlocznia-sycylia\/","name":"Oliwa extra vergine z Sycylii \u2013 rodzinna t\u0142ocznia - Moja oliwa","isPartOf":{"@id":"https:\/\/mojaoliwa.pl\/#website"},"primaryImageOfPage":{"@id":"https:\/\/mojaoliwa.pl\/index.php\/produkt\/oliwa-rodzinna-tlocznia-sycylia\/#primaryimage"},"image":{"@id":"https:\/\/mojaoliwa.pl\/index.php\/produkt\/oliwa-rodzinna-tlocznia-sycylia\/#primaryimage"},"thumbnailUrl":"https:\/\/mojaoliwa.pl\/wp-content\/uploads\/2026\/04\/Zielen-oliwy-w-eleganckiej-butelce-1.png","datePublished":"2026-04-08T08:53:55+00:00","dateModified":"2026-04-14T12:32:36+00:00","description":"Oliwa extra vergine z Sycylii t\u0142oczona na zimno w rodzinnej t\u0142oczni. Harmonijny smak, wysoka jako\u015b\u0107 i autentyczne pochodzenie.","breadcrumb":{"@id":"https:\/\/mojaoliwa.pl\/index.php\/produkt\/oliwa-rodzinna-tlocznia-sycylia\/#breadcrumb"},"inLanguage":"pl-PL","potentialAction":[{"@type":"ReadAction","target":["https:\/\/mojaoliwa.pl\/index.php\/produkt\/oliwa-rodzinna-tlocznia-sycylia\/"]}]},{"@type":"ImageObject","inLanguage":"pl-PL","@id":"https:\/\/mojaoliwa.pl\/index.php\/produkt\/oliwa-rodzinna-tlocznia-sycylia\/#primaryimage","url":"https:\/\/mojaoliwa.pl\/wp-content\/uploads\/2026\/04\/Zielen-oliwy-w-eleganckiej-butelce-1.png","contentUrl":"https:\/\/mojaoliwa.pl\/wp-content\/uploads\/2026\/04\/Zielen-oliwy-w-eleganckiej-butelce-1.png","width":1024,"height":1024,"caption":"oliwa extra vergine z Sycylii 0,5 l z rodzinnej t\u0142oczni butelka"},{"@type":"BreadcrumbList","@id":"https:\/\/mojaoliwa.pl\/index.php\/produkt\/oliwa-rodzinna-tlocznia-sycylia\/#breadcrumb","itemListElement":[{"@type":"ListItem","position":1,"name":"Strona g\u0142\u00f3wna","item":"https:\/\/mojaoliwa.pl\/"},{"@type":"ListItem","position":2,"name":"Sklep","item":"https:\/\/mojaoliwa.pl\/index.php\/sklep\/"},{"@type":"ListItem","position":3,"name":"Oliwa extra vergine z Sycylii \u2013 rodzinna t\u0142ocznia"}]},{"@type":"WebSite","@id":"https:\/\/mojaoliwa.pl\/#website","url":"https:\/\/mojaoliwa.pl\/","name":"Moja oliwa","description":"","publisher":{"@id":"https:\/\/mojaoliwa.pl\/#organization"},"potentialAction":[{"@type":"SearchAction","target":{"@type":"EntryPoint","urlTemplate":"https:\/\/mojaoliwa.pl\/?s={search_term_string}"},"query-input":{"@type":"PropertyValueSpecification","valueRequired":true,"valueName":"search_term_string"}}],"inLanguage":"pl-PL"},{"@type":"Organization","@id":"https:\/\/mojaoliwa.pl\/#organization","name":"Moja oliwa","url":"https:\/\/mojaoliwa.pl\/","logo":{"@type":"ImageObject","inLanguage":"pl-PL","@id":"https:\/\/mojaoliwa.pl\/#\/schema\/logo\/image\/","url":"https:\/\/mojaoliwa.pl\/wp-content\/uploads\/2026\/04\/cropped-Logo-_moja-oliwa_-w-cieplych-barwach.png","contentUrl":"https:\/\/mojaoliwa.pl\/wp-content\/uploads\/2026\/04\/cropped-Logo-_moja-oliwa_-w-cieplych-barwach.png","width":817,"height":614,"caption":"Moja oliwa"},"image":{"@id":"https:\/\/mojaoliwa.pl\/#\/schema\/logo\/image\/"}}]}},"_links":{"self":[{"href":"https:\/\/mojaoliwa.pl\/index.php\/wp-json\/wp\/v2\/product\/120","targetHints":{"allow":["GET"]}}],"collection":[{"href":"https:\/\/mojaoliwa.pl\/index.php\/wp-json\/wp\/v2\/product"}],"about":[{"href":"https:\/\/mojaoliwa.pl\/index.php\/wp-json\/wp\/v2\/types\/product"}],"replies":[{"embeddable":true,"href":"https:\/\/mojaoliwa.pl\/index.php\/wp-json\/wp\/v2\/comments?post=120"}],"wp:featuredmedia":[{"embeddable":true,"href":"https:\/\/mojaoliwa.pl\/index.php\/wp-json\/wp\/v2\/media\/621"}],"wp:attachment":[{"href":"https:\/\/mojaoliwa.pl\/index.php\/wp-json\/wp\/v2\/media?parent=120"}],"wp:term":[{"taxonomy":"product_brand","embeddable":true,"href":"https:\/\/mojaoliwa.pl\/index.php\/wp-json\/wp\/v2\/product_brand?post=120"},{"taxonomy":"product_cat","embeddable":true,"href":"https:\/\/mojaoliwa.pl\/index.php\/wp-json\/wp\/v2\/product_cat?post=120"},{"taxonomy":"product_tag","embeddable":true,"href":"https:\/\/mojaoliwa.pl\/index.php\/wp-json\/wp\/v2\/product_tag?post=120"}],"curies":[{"name":"wp","href":"https:\/\/api.w.org\/{rel}","templated":true}]}}