{"id":515,"date":"2026-04-13T12:33:18","date_gmt":"2026-04-13T12:33:18","guid":{"rendered":"https:\/\/mojaoliwa.pl\/?page_id=515"},"modified":"2026-04-13T13:23:01","modified_gmt":"2026-04-13T13:23:01","slug":"oliwa-z-sycylii","status":"publish","type":"page","link":"https:\/\/mojaoliwa.pl\/index.php\/oliwa-z-sycylii\/","title":{"rendered":"Oliwa z Sycylii"},"content":{"rendered":"\t\t<div data-elementor-type=\"wp-page\" data-elementor-id=\"515\" class=\"elementor elementor-515\">\n\t\t\t\t<div class=\"elementor-element elementor-element-75d9d7b2 e-flex e-con-boxed e-con e-parent\" data-id=\"75d9d7b2\" data-element_type=\"container\" data-e-type=\"container\">\n\t\t\t\t\t<div class=\"e-con-inner\">\n\t\t\t\t<div class=\"elementor-element elementor-element-47ddae8b elementor-widget elementor-widget-text-editor\" data-id=\"47ddae8b\" data-element_type=\"widget\" data-e-type=\"widget\" data-widget_type=\"text-editor.default\">\n\t\t\t\t\t\t\t\t\t\n<p>To nie jest przypadkowa oliwa.<\/p>\n\n<p>To oliwa wybierana \u015bwiadomie \u2014 ze wzgl\u0119du na smak, jako\u015b\u0107 i pochodzenie.<\/p>\n\n<p>Poznaj oliw\u0119 z rodzinnej t\u0142oczni na Sycylii.<\/p>\n<style>.wp-block-kadence-advancedbtn.kb-btns515_af972a-d8{gap:var(--global-kb-gap-xs, 0.5rem );justify-content:flex-start;align-items:center;}.kt-btns515_af972a-d8 .kt-button{font-weight:normal;font-style:normal;}.kt-btns515_af972a-d8 .kt-btn-wrap-0{margin-right:5px;}.wp-block-kadence-advancedbtn.kt-btns515_af972a-d8 .kt-btn-wrap-0 .kt-button{color:#555555;border-color:#555555;}.wp-block-kadence-advancedbtn.kt-btns515_af972a-d8 .kt-btn-wrap-0 .kt-button:hover, .wp-block-kadence-advancedbtn.kt-btns515_af972a-d8 .kt-btn-wrap-0 .kt-button:focus{color:#ffffff;border-color:#444444;}.wp-block-kadence-advancedbtn.kt-btns515_af972a-d8 .kt-btn-wrap-0 .kt-button::before{display:none;}.wp-block-kadence-advancedbtn.kt-btns515_af972a-d8 .kt-btn-wrap-0 .kt-button:hover, .wp-block-kadence-advancedbtn.kt-btns515_af972a-d8 .kt-btn-wrap-0 .kt-button:focus{background:#444444;}<\/style>\n<div class=\"wp-block-kadence-advancedbtn kb-buttons-wrap kb-btns515_af972a-d8\"><style>ul.menu .wp-block-kadence-advancedbtn .kb-btn515_e838de-6e.kb-button{width:initial;}.wp-block-kadence-advancedbtn .kb-btn515_e838de-6e.kb-button{background:rgba(0,0,0,0.92);border-top-left-radius:6px;border-top-right-radius:6px;border-bottom-right-radius:6px;border-bottom-left-radius:6px;}<\/style><span class=\"kb-button kt-button button kb-btn515_e838de-6e kt-btn-size-standard kt-btn-width-type-auto kb-btn-global-fill  kt-btn-has-text-true kt-btn-has-svg-false  wp-block-kadence-singlebtn\"><span class=\"kt-btn-inner-text\">Zobacz oliw\u0119 <\/span><\/span><\/div>\n<style>.wp-block-kadence-image.kb-image515_675d77-5e:not(.kb-specificity-added):not(.kb-extra-specificity-added){margin-top:var(--global-kb-spacing-xxl, 5rem);}.kb-image515_675d77-5e .kb-image-has-overlay:after{opacity:0.3;}<\/style>\n<figure class=\"wp-block-kadence-image kb-image515_675d77-5e size-large\"><img fetchpriority=\"high\" decoding=\"async\" width=\"1024\" height=\"508\" class=\"kb-img wp-image-518\" src=\"https:\/\/mojaoliwa.pl\/wp-content\/uploads\/2026\/04\/Zrzut-ekranu-2026-04-13-143504-1024x508.png\" alt=\"Sycylia -gaje oliwne\" srcset=\"https:\/\/mojaoliwa.pl\/wp-content\/uploads\/2026\/04\/Zrzut-ekranu-2026-04-13-143504-1024x508.png 1024w, https:\/\/mojaoliwa.pl\/wp-content\/uploads\/2026\/04\/Zrzut-ekranu-2026-04-13-143504-300x149.png 300w, https:\/\/mojaoliwa.pl\/wp-content\/uploads\/2026\/04\/Zrzut-ekranu-2026-04-13-143504-768x381.png 768w, https:\/\/mojaoliwa.pl\/wp-content\/uploads\/2026\/04\/Zrzut-ekranu-2026-04-13-143504-600x298.png 600w, https:\/\/mojaoliwa.pl\/wp-content\/uploads\/2026\/04\/Zrzut-ekranu-2026-04-13-143504.png 1486w\" sizes=\"(max-width: 1024px) 100vw, 1024px\" \/>\n<figcaption>gaje oliwne<\/figcaption>\n<\/figure>\n\n<h2 class=\"wp-block-heading\">Sk\u0105d pochodzi ta oliwa<\/h2>\n\n<p>Poznaj miejsce, z kt\u00f3rego pochodzi ta oliwa \u2014 konkretne plantacje na Sycylii.<\/p>\n\n<div class=\"wp-block-columns is-layout-flex wp-container-core-columns-is-layout-9d6595d7 wp-block-columns-is-layout-flex\">\n<div class=\"wp-block-column is-layout-flow wp-block-column-is-layout-flow\" style=\"flex-basis: 25%;\">\u00a0<\/div>\n\n<div class=\"wp-block-column is-layout-flow wp-block-column-is-layout-flow\" style=\"flex-basis: 50%;\"><style>.kb-image515_718883-a3.kb-image-is-ratio-size, .kb-image515_718883-a3 .kb-image-is-ratio-size{max-width:705px;width:100%;}.wp-block-kadence-column > .kt-inside-inner-col > .kb-image515_718883-a3.kb-image-is-ratio-size, .wp-block-kadence-column > .kt-inside-inner-col > .kb-image515_718883-a3 .kb-image-is-ratio-size{align-self:unset;}.kb-image515_718883-a3{max-width:705px;}.image-is-svg.kb-image515_718883-a3{-webkit-flex:0 1 100%;flex:0 1 100%;}.image-is-svg.kb-image515_718883-a3 img{width:100%;}.kb-image515_718883-a3 .kb-image-has-overlay:after{opacity:0.3;}<\/style>\n<figure class=\"wp-block-kadence-image kb-image515_718883-a3 size-full\"><img decoding=\"async\" width=\"789\" height=\"771\" class=\"kb-img wp-image-525\" src=\"https:\/\/mojaoliwa.pl\/wp-content\/uploads\/2026\/04\/Zrzut-ekranu-2026-04-13-150749.png\" alt=\"Plan plantacji oliwnych\" srcset=\"https:\/\/mojaoliwa.pl\/wp-content\/uploads\/2026\/04\/Zrzut-ekranu-2026-04-13-150749.png 789w, https:\/\/mojaoliwa.pl\/wp-content\/uploads\/2026\/04\/Zrzut-ekranu-2026-04-13-150749-300x293.png 300w, https:\/\/mojaoliwa.pl\/wp-content\/uploads\/2026\/04\/Zrzut-ekranu-2026-04-13-150749-768x750.png 768w, https:\/\/mojaoliwa.pl\/wp-content\/uploads\/2026\/04\/Zrzut-ekranu-2026-04-13-150749-600x586.png 600w\" sizes=\"(max-width: 789px) 100vw, 789px\" \/><\/figure>\n<\/div>\n\n<div class=\"wp-block-column is-layout-flow wp-block-column-is-layout-flow\" style=\"flex-basis: 25%;\">\u00a0<\/div>\n<\/div>\n\t\t\t\t\t\t\t\t<\/div>\n\t\t\t\t\t<\/div>\n\t\t\t\t<\/div>\n\t\t\t\t<\/div>\n\t\t","protected":false},"excerpt":{"rendered":"<p>To nie jest przypadkowa oliwa. To oliwa wybierana \u015bwiadomie \u2014 ze wzgl\u0119du na smak, jako\u015b\u0107 i pochodzenie. Poznaj oliw\u0119 z rodzinnej t\u0142oczni na Sycylii. Sk\u0105d pochodzi ta oliwa Poznaj miejsce, z kt\u00f3rego pochodzi ta oliwa \u2014 konkretne plantacje na Sycylii. \u00a0 \u00a0<\/p>\n","protected":false},"author":1,"featured_media":0,"parent":0,"menu_order":0,"comment_status":"closed","ping_status":"closed","template":"","meta":{"_kadence_starter_templates_imported_post":false,"_kad_post_transparent":"","_kad_post_title":"","_kad_post_layout":"","_kad_post_sidebar_id":"","_kad_post_content_style":"","_kad_post_vertical_padding":"","_kad_post_feature":"","_kad_post_feature_position":"","_kad_post_header":false,"_kad_post_footer":false,"_kad_post_classname":"","footnotes":""},"class_list":["post-515","page","type-page","status-publish","hentry"],"yoast_head":"<!-- This site is optimized with the Yoast SEO plugin v27.3 - https:\/\/yoast.com\/product\/yoast-seo-wordpress\/ -->\n<title>Oliwa z Sycylii - Moja oliwa<\/title>\n<meta name=\"robots\" content=\"index, follow, max-snippet:-1, max-image-preview:large, max-video-preview:-1\" \/>\n<link rel=\"canonical\" href=\"https:\/\/mojaoliwa.pl\/index.php\/oliwa-z-sycylii\/\" \/>\n<meta property=\"og:locale\" content=\"pl_PL\" \/>\n<meta property=\"og:type\" content=\"article\" \/>\n<meta property=\"og:title\" content=\"Oliwa z Sycylii - Moja oliwa\" \/>\n<meta property=\"og:description\" content=\"To nie jest przypadkowa oliwa. To oliwa wybierana \u015bwiadomie \u2014 ze wzgl\u0119du na smak, jako\u015b\u0107 i pochodzenie. Poznaj oliw\u0119 z rodzinnej t\u0142oczni na Sycylii. Sk\u0105d pochodzi ta oliwa Poznaj miejsce, z kt\u00f3rego pochodzi ta oliwa \u2014 konkretne plantacje na Sycylii. \u00a0 \u00a0\" \/>\n<meta property=\"og:url\" content=\"https:\/\/mojaoliwa.pl\/index.php\/oliwa-z-sycylii\/\" \/>\n<meta property=\"og:site_name\" content=\"Moja oliwa\" \/>\n<meta property=\"article:modified_time\" content=\"2026-04-13T13:23:01+00:00\" \/>\n<meta property=\"og:image\" content=\"https:\/\/mojaoliwa.pl\/wp-content\/uploads\/2026\/04\/Zrzut-ekranu-2026-04-13-143504-1024x508.png\" \/>\n\t<meta property=\"og:image:width\" content=\"1024\" \/>\n\t<meta property=\"og:image:height\" content=\"508\" \/>\n\t<meta property=\"og:image:type\" content=\"image\/png\" \/>\n<meta name=\"twitter:card\" content=\"summary_large_image\" \/>\n<meta name=\"twitter:label1\" content=\"Szacowany czas czytania\" \/>\n\t<meta name=\"twitter:data1\" content=\"1 minuta\" \/>\n<script type=\"application\/ld+json\" class=\"yoast-schema-graph\">{\"@context\":\"https:\\\/\\\/schema.org\",\"@graph\":[{\"@type\":\"WebPage\",\"@id\":\"https:\\\/\\\/mojaoliwa.pl\\\/index.php\\\/oliwa-z-sycylii\\\/\",\"url\":\"https:\\\/\\\/mojaoliwa.pl\\\/index.php\\\/oliwa-z-sycylii\\\/\",\"name\":\"Oliwa z Sycylii - Moja oliwa\",\"isPartOf\":{\"@id\":\"https:\\\/\\\/mojaoliwa.pl\\\/#website\"},\"primaryImageOfPage\":{\"@id\":\"https:\\\/\\\/mojaoliwa.pl\\\/index.php\\\/oliwa-z-sycylii\\\/#primaryimage\"},\"image\":{\"@id\":\"https:\\\/\\\/mojaoliwa.pl\\\/index.php\\\/oliwa-z-sycylii\\\/#primaryimage\"},\"thumbnailUrl\":\"https:\\\/\\\/mojaoliwa.pl\\\/wp-content\\\/uploads\\\/2026\\\/04\\\/Zrzut-ekranu-2026-04-13-143504-1024x508.png\",\"datePublished\":\"2026-04-13T12:33:18+00:00\",\"dateModified\":\"2026-04-13T13:23:01+00:00\",\"breadcrumb\":{\"@id\":\"https:\\\/\\\/mojaoliwa.pl\\\/index.php\\\/oliwa-z-sycylii\\\/#breadcrumb\"},\"inLanguage\":\"pl-PL\",\"potentialAction\":[{\"@type\":\"ReadAction\",\"target\":[\"https:\\\/\\\/mojaoliwa.pl\\\/index.php\\\/oliwa-z-sycylii\\\/\"]}]},{\"@type\":\"ImageObject\",\"inLanguage\":\"pl-PL\",\"@id\":\"https:\\\/\\\/mojaoliwa.pl\\\/index.php\\\/oliwa-z-sycylii\\\/#primaryimage\",\"url\":\"https:\\\/\\\/mojaoliwa.pl\\\/wp-content\\\/uploads\\\/2026\\\/04\\\/Zrzut-ekranu-2026-04-13-143504.png\",\"contentUrl\":\"https:\\\/\\\/mojaoliwa.pl\\\/wp-content\\\/uploads\\\/2026\\\/04\\\/Zrzut-ekranu-2026-04-13-143504.png\",\"width\":1486,\"height\":737,\"caption\":\"gaje oliwne\"},{\"@type\":\"BreadcrumbList\",\"@id\":\"https:\\\/\\\/mojaoliwa.pl\\\/index.php\\\/oliwa-z-sycylii\\\/#breadcrumb\",\"itemListElement\":[{\"@type\":\"ListItem\",\"position\":1,\"name\":\"Strona g\u0142\u00f3wna\",\"item\":\"https:\\\/\\\/mojaoliwa.pl\\\/\"},{\"@type\":\"ListItem\",\"position\":2,\"name\":\"Oliwa z Sycylii\"}]},{\"@type\":\"WebSite\",\"@id\":\"https:\\\/\\\/mojaoliwa.pl\\\/#website\",\"url\":\"https:\\\/\\\/mojaoliwa.pl\\\/\",\"name\":\"Moja oliwa\",\"description\":\"\",\"publisher\":{\"@id\":\"https:\\\/\\\/mojaoliwa.pl\\\/#organization\"},\"potentialAction\":[{\"@type\":\"SearchAction\",\"target\":{\"@type\":\"EntryPoint\",\"urlTemplate\":\"https:\\\/\\\/mojaoliwa.pl\\\/?s={search_term_string}\"},\"query-input\":{\"@type\":\"PropertyValueSpecification\",\"valueRequired\":true,\"valueName\":\"search_term_string\"}}],\"inLanguage\":\"pl-PL\"},{\"@type\":\"Organization\",\"@id\":\"https:\\\/\\\/mojaoliwa.pl\\\/#organization\",\"name\":\"Moja oliwa\",\"url\":\"https:\\\/\\\/mojaoliwa.pl\\\/\",\"logo\":{\"@type\":\"ImageObject\",\"inLanguage\":\"pl-PL\",\"@id\":\"https:\\\/\\\/mojaoliwa.pl\\\/#\\\/schema\\\/logo\\\/image\\\/\",\"url\":\"https:\\\/\\\/mojaoliwa.pl\\\/wp-content\\\/uploads\\\/2026\\\/04\\\/cropped-Logo-_moja-oliwa_-w-cieplych-barwach.png\",\"contentUrl\":\"https:\\\/\\\/mojaoliwa.pl\\\/wp-content\\\/uploads\\\/2026\\\/04\\\/cropped-Logo-_moja-oliwa_-w-cieplych-barwach.png\",\"width\":817,\"height\":614,\"caption\":\"Moja oliwa\"},\"image\":{\"@id\":\"https:\\\/\\\/mojaoliwa.pl\\\/#\\\/schema\\\/logo\\\/image\\\/\"}}]}<\/script>\n<!-- \/ Yoast SEO plugin. -->","yoast_head_json":{"title":"Oliwa z Sycylii - Moja oliwa","robots":{"index":"index","follow":"follow","max-snippet":"max-snippet:-1","max-image-preview":"max-image-preview:large","max-video-preview":"max-video-preview:-1"},"canonical":"https:\/\/mojaoliwa.pl\/index.php\/oliwa-z-sycylii\/","og_locale":"pl_PL","og_type":"article","og_title":"Oliwa z Sycylii - Moja oliwa","og_description":"To nie jest przypadkowa oliwa. To oliwa wybierana \u015bwiadomie \u2014 ze wzgl\u0119du na smak, jako\u015b\u0107 i pochodzenie. Poznaj oliw\u0119 z rodzinnej t\u0142oczni na Sycylii. Sk\u0105d pochodzi ta oliwa Poznaj miejsce, z kt\u00f3rego pochodzi ta oliwa \u2014 konkretne plantacje na Sycylii. \u00a0 \u00a0","og_url":"https:\/\/mojaoliwa.pl\/index.php\/oliwa-z-sycylii\/","og_site_name":"Moja oliwa","article_modified_time":"2026-04-13T13:23:01+00:00","og_image":[{"width":1024,"height":508,"url":"https:\/\/mojaoliwa.pl\/wp-content\/uploads\/2026\/04\/Zrzut-ekranu-2026-04-13-143504-1024x508.png","type":"image\/png"}],"twitter_card":"summary_large_image","twitter_misc":{"Szacowany czas czytania":"1 minuta"},"schema":{"@context":"https:\/\/schema.org","@graph":[{"@type":"WebPage","@id":"https:\/\/mojaoliwa.pl\/index.php\/oliwa-z-sycylii\/","url":"https:\/\/mojaoliwa.pl\/index.php\/oliwa-z-sycylii\/","name":"Oliwa z Sycylii - Moja oliwa","isPartOf":{"@id":"https:\/\/mojaoliwa.pl\/#website"},"primaryImageOfPage":{"@id":"https:\/\/mojaoliwa.pl\/index.php\/oliwa-z-sycylii\/#primaryimage"},"image":{"@id":"https:\/\/mojaoliwa.pl\/index.php\/oliwa-z-sycylii\/#primaryimage"},"thumbnailUrl":"https:\/\/mojaoliwa.pl\/wp-content\/uploads\/2026\/04\/Zrzut-ekranu-2026-04-13-143504-1024x508.png","datePublished":"2026-04-13T12:33:18+00:00","dateModified":"2026-04-13T13:23:01+00:00","breadcrumb":{"@id":"https:\/\/mojaoliwa.pl\/index.php\/oliwa-z-sycylii\/#breadcrumb"},"inLanguage":"pl-PL","potentialAction":[{"@type":"ReadAction","target":["https:\/\/mojaoliwa.pl\/index.php\/oliwa-z-sycylii\/"]}]},{"@type":"ImageObject","inLanguage":"pl-PL","@id":"https:\/\/mojaoliwa.pl\/index.php\/oliwa-z-sycylii\/#primaryimage","url":"https:\/\/mojaoliwa.pl\/wp-content\/uploads\/2026\/04\/Zrzut-ekranu-2026-04-13-143504.png","contentUrl":"https:\/\/mojaoliwa.pl\/wp-content\/uploads\/2026\/04\/Zrzut-ekranu-2026-04-13-143504.png","width":1486,"height":737,"caption":"gaje oliwne"},{"@type":"BreadcrumbList","@id":"https:\/\/mojaoliwa.pl\/index.php\/oliwa-z-sycylii\/#breadcrumb","itemListElement":[{"@type":"ListItem","position":1,"name":"Strona g\u0142\u00f3wna","item":"https:\/\/mojaoliwa.pl\/"},{"@type":"ListItem","position":2,"name":"Oliwa z Sycylii"}]},{"@type":"WebSite","@id":"https:\/\/mojaoliwa.pl\/#website","url":"https:\/\/mojaoliwa.pl\/","name":"Moja oliwa","description":"","publisher":{"@id":"https:\/\/mojaoliwa.pl\/#organization"},"potentialAction":[{"@type":"SearchAction","target":{"@type":"EntryPoint","urlTemplate":"https:\/\/mojaoliwa.pl\/?s={search_term_string}"},"query-input":{"@type":"PropertyValueSpecification","valueRequired":true,"valueName":"search_term_string"}}],"inLanguage":"pl-PL"},{"@type":"Organization","@id":"https:\/\/mojaoliwa.pl\/#organization","name":"Moja oliwa","url":"https:\/\/mojaoliwa.pl\/","logo":{"@type":"ImageObject","inLanguage":"pl-PL","@id":"https:\/\/mojaoliwa.pl\/#\/schema\/logo\/image\/","url":"https:\/\/mojaoliwa.pl\/wp-content\/uploads\/2026\/04\/cropped-Logo-_moja-oliwa_-w-cieplych-barwach.png","contentUrl":"https:\/\/mojaoliwa.pl\/wp-content\/uploads\/2026\/04\/cropped-Logo-_moja-oliwa_-w-cieplych-barwach.png","width":817,"height":614,"caption":"Moja oliwa"},"image":{"@id":"https:\/\/mojaoliwa.pl\/#\/schema\/logo\/image\/"}}]}},"_links":{"self":[{"href":"https:\/\/mojaoliwa.pl\/index.php\/wp-json\/wp\/v2\/pages\/515","targetHints":{"allow":["GET"]}}],"collection":[{"href":"https:\/\/mojaoliwa.pl\/index.php\/wp-json\/wp\/v2\/pages"}],"about":[{"href":"https:\/\/mojaoliwa.pl\/index.php\/wp-json\/wp\/v2\/types\/page"}],"author":[{"embeddable":true,"href":"https:\/\/mojaoliwa.pl\/index.php\/wp-json\/wp\/v2\/users\/1"}],"replies":[{"embeddable":true,"href":"https:\/\/mojaoliwa.pl\/index.php\/wp-json\/wp\/v2\/comments?post=515"}],"version-history":[{"count":8,"href":"https:\/\/mojaoliwa.pl\/index.php\/wp-json\/wp\/v2\/pages\/515\/revisions"}],"predecessor-version":[{"id":530,"href":"https:\/\/mojaoliwa.pl\/index.php\/wp-json\/wp\/v2\/pages\/515\/revisions\/530"}],"wp:attachment":[{"href":"https:\/\/mojaoliwa.pl\/index.php\/wp-json\/wp\/v2\/media?parent=515"}],"curies":[{"name":"wp","href":"https:\/\/api.w.org\/{rel}","templated":true}]}}