{"id":489,"date":"2026-04-13T11:26:58","date_gmt":"2026-04-13T11:26:58","guid":{"rendered":"https:\/\/mojaoliwa.pl\/?page_id=489"},"modified":"2026-04-16T15:27:28","modified_gmt":"2026-04-16T15:27:28","slug":"sycylia-naprawde","status":"publish","type":"page","link":"https:\/\/mojaoliwa.pl\/index.php\/sycylia-naprawde\/","title":{"rendered":"Sycylia naprawd\u0119"},"content":{"rendered":"\t\t<div data-elementor-type=\"wp-page\" data-elementor-id=\"489\" class=\"elementor elementor-489\">\n\t\t\t\t<div class=\"elementor-element elementor-element-4a6b291 e-flex e-con-boxed e-con e-parent\" data-id=\"4a6b291\" data-element_type=\"container\" data-e-type=\"container\" data-settings=\"{&quot;background_background&quot;:&quot;classic&quot;}\">\n\t\t\t\t\t<div class=\"e-con-inner\">\n\t\t\t\t<div class=\"elementor-element elementor-element-6bbc94c elementor-widget__width-inherit elementor-widget elementor-widget-heading\" data-id=\"6bbc94c\" data-element_type=\"widget\" data-e-type=\"widget\" data-widget_type=\"heading.default\">\n\t\t\t\t\t<h1 class=\"elementor-heading-title elementor-size-default\">Sycylia, kt\u00f3r\u0105 poznali\u015bmy naprawd\u0119\n<\/h1>\t\t\t\t<\/div>\n\t\t\t\t<div class=\"elementor-element elementor-element-2d1bb25 elementor-widget__width-initial elementor-widget elementor-widget-heading\" data-id=\"2d1bb25\" data-element_type=\"widget\" data-e-type=\"widget\" data-widget_type=\"heading.default\">\n\t\t\t\t\t<h3 class=\"elementor-heading-title elementor-size-default\">Nie z przewodnika.\n\n<\/h3>\t\t\t\t<\/div>\n\t\t\t\t\t<\/div>\n\t\t\t\t<\/div>\n\t\t<div class=\"elementor-element elementor-element-e1f884d e-flex e-con-boxed e-con e-parent\" data-id=\"e1f884d\" data-element_type=\"container\" data-e-type=\"container\">\n\t\t\t\t\t<div class=\"e-con-inner\">\n\t\t\t\t<div class=\"elementor-element elementor-element-6a8d61f elementor-widget elementor-widget-heading\" data-id=\"6a8d61f\" data-element_type=\"widget\" data-e-type=\"widget\" data-widget_type=\"heading.default\">\n\t\t\t\t\t<h2 class=\"elementor-heading-title elementor-size-default\">Miejsca, do kt\u00f3rych si\u0119 wraca<\/h2>\t\t\t\t<\/div>\n\t\t\t\t\t<\/div>\n\t\t\t\t<\/div>\n\t\t<div class=\"elementor-element elementor-element-2e4fc22 e-con-full animated-slow e-flex elementor-invisible e-con e-parent\" data-id=\"2e4fc22\" data-element_type=\"container\" data-e-type=\"container\" data-settings=\"{&quot;animation&quot;:&quot;fadeInUp&quot;}\">\n\t\t<div class=\"elementor-element elementor-element-ffe8b56 e-con-full animated-slow e-flex elementor-invisible e-con e-child\" data-id=\"ffe8b56\" data-element_type=\"container\" data-e-type=\"container\" data-settings=\"{&quot;animation&quot;:&quot;fadeInUp&quot;}\">\n\t\t\t\t<div class=\"elementor-element elementor-element-ec653be animated-slow elementor-invisible elementor-widget elementor-widget-image\" data-id=\"ec653be\" data-element_type=\"widget\" data-e-type=\"widget\" data-settings=\"{&quot;_animation&quot;:&quot;fadeInUp&quot;}\" data-widget_type=\"image.default\">\n\t\t\t\t\t\t\t\t\t\t\t\t\t\t\t<img fetchpriority=\"high\" decoding=\"async\" width=\"768\" height=\"512\" src=\"https:\/\/mojaoliwa.pl\/wp-content\/uploads\/2026\/04\/Zrzut-ekranu-2026-04-16-142422-768x512.png\" class=\"attachment-medium_large size-medium_large wp-image-1045\" alt=\"Widok na wybrze\u017ce Sycylii i morze w s\u0142oneczny dzie\u0144\" srcset=\"https:\/\/mojaoliwa.pl\/wp-content\/uploads\/2026\/04\/Zrzut-ekranu-2026-04-16-142422-768x512.png 768w, https:\/\/mojaoliwa.pl\/wp-content\/uploads\/2026\/04\/Zrzut-ekranu-2026-04-16-142422-300x200.png 300w, https:\/\/mojaoliwa.pl\/wp-content\/uploads\/2026\/04\/Zrzut-ekranu-2026-04-16-142422-600x400.png 600w, https:\/\/mojaoliwa.pl\/wp-content\/uploads\/2026\/04\/Zrzut-ekranu-2026-04-16-142422.png 952w\" sizes=\"(max-width: 768px) 100vw, 768px\" \/>\t\t\t\t\t\t\t\t\t\t\t\t\t\t\t<\/div>\n\t\t\t\t<\/div>\n\t\t<div class=\"elementor-element elementor-element-2fa8394 e-con-full e-flex e-con e-child\" data-id=\"2fa8394\" data-element_type=\"container\" data-e-type=\"container\" data-settings=\"{&quot;background_background&quot;:&quot;classic&quot;}\">\n\t\t\t\t<div class=\"elementor-element elementor-element-e572384 animated-slow elementor-invisible elementor-widget elementor-widget-image\" data-id=\"e572384\" data-element_type=\"widget\" data-e-type=\"widget\" data-settings=\"{&quot;_animation&quot;:&quot;fadeInUp&quot;,&quot;_animation_delay&quot;:200}\" data-widget_type=\"image.default\">\n\t\t\t\t\t\t\t\t\t\t\t\t\t\t\t<img decoding=\"async\" width=\"1024\" height=\"683\" src=\"https:\/\/mojaoliwa.pl\/wp-content\/uploads\/2026\/04\/ChatGPT-Image-16-kwi-2026-16_06_34-1024x683.png\" class=\"attachment-large size-large wp-image-1061\" alt=\"Kamienna uliczka ze schodami w sycylijskim miasteczku z ro\u015blinno\u015bci\u0105\" srcset=\"https:\/\/mojaoliwa.pl\/wp-content\/uploads\/2026\/04\/ChatGPT-Image-16-kwi-2026-16_06_34-1024x683.png 1024w, https:\/\/mojaoliwa.pl\/wp-content\/uploads\/2026\/04\/ChatGPT-Image-16-kwi-2026-16_06_34-300x200.png 300w, https:\/\/mojaoliwa.pl\/wp-content\/uploads\/2026\/04\/ChatGPT-Image-16-kwi-2026-16_06_34-768x512.png 768w, https:\/\/mojaoliwa.pl\/wp-content\/uploads\/2026\/04\/ChatGPT-Image-16-kwi-2026-16_06_34-600x400.png 600w, https:\/\/mojaoliwa.pl\/wp-content\/uploads\/2026\/04\/ChatGPT-Image-16-kwi-2026-16_06_34.png 1536w\" sizes=\"(max-width: 1024px) 100vw, 1024px\" \/>\t\t\t\t\t\t\t\t\t\t\t\t\t\t\t<\/div>\n\t\t\t\t<\/div>\n\t\t<div class=\"elementor-element elementor-element-43d4941 e-con-full e-flex e-con e-child\" data-id=\"43d4941\" data-element_type=\"container\" data-e-type=\"container\">\n\t\t\t\t<div class=\"elementor-element elementor-element-91dbff7 animated-slow elementor-invisible elementor-widget elementor-widget-image\" data-id=\"91dbff7\" data-element_type=\"widget\" data-e-type=\"widget\" data-settings=\"{&quot;_animation&quot;:&quot;fadeInUp&quot;,&quot;_animation_delay&quot;:600}\" data-widget_type=\"image.default\">\n\t\t\t\t\t\t\t\t\t\t\t\t\t\t\t<img decoding=\"async\" width=\"768\" height=\"512\" src=\"https:\/\/mojaoliwa.pl\/wp-content\/uploads\/2026\/04\/ChatGPT-Image-16-kwi-2026-14_39_37-768x512.png\" class=\"attachment-medium_large size-medium_large wp-image-1048\" alt=\"Butelki oliwy extra virgin z Sycylii w naturalnym otoczeniu\" srcset=\"https:\/\/mojaoliwa.pl\/wp-content\/uploads\/2026\/04\/ChatGPT-Image-16-kwi-2026-14_39_37-768x512.png 768w, https:\/\/mojaoliwa.pl\/wp-content\/uploads\/2026\/04\/ChatGPT-Image-16-kwi-2026-14_39_37-300x200.png 300w, https:\/\/mojaoliwa.pl\/wp-content\/uploads\/2026\/04\/ChatGPT-Image-16-kwi-2026-14_39_37-1024x683.png 1024w, https:\/\/mojaoliwa.pl\/wp-content\/uploads\/2026\/04\/ChatGPT-Image-16-kwi-2026-14_39_37-600x400.png 600w, https:\/\/mojaoliwa.pl\/wp-content\/uploads\/2026\/04\/ChatGPT-Image-16-kwi-2026-14_39_37.png 1536w\" sizes=\"(max-width: 768px) 100vw, 768px\" \/>\t\t\t\t\t\t\t\t\t\t\t\t\t\t\t<\/div>\n\t\t\t\t<\/div>\n\t\t\t\t<\/div>\n\t\t<div class=\"elementor-element elementor-element-8793880 e-flex e-con-boxed e-con e-parent\" data-id=\"8793880\" data-element_type=\"container\" data-e-type=\"container\">\n\t\t\t\t\t<div class=\"e-con-inner\">\n\t\t<div class=\"elementor-element elementor-element-350d7d7 e-con-full e-flex e-con e-child\" data-id=\"350d7d7\" data-element_type=\"container\" data-e-type=\"container\">\n\t\t\t\t<div class=\"elementor-element elementor-element-0f37056 elementor-widget elementor-widget-image\" data-id=\"0f37056\" data-element_type=\"widget\" data-e-type=\"widget\" data-widget_type=\"image.default\">\n\t\t\t\t\t\t\t\t\t\t\t\t\t\t\t<img loading=\"lazy\" decoding=\"async\" width=\"780\" height=\"795\" src=\"https:\/\/mojaoliwa.pl\/wp-content\/uploads\/2026\/04\/Zrzut-ekranu-2026-04-16-164447.png\" class=\"attachment-large size-large wp-image-1091\" alt=\"Oliwa Aura Marina \u2013 naturalne uprawy\" srcset=\"https:\/\/mojaoliwa.pl\/wp-content\/uploads\/2026\/04\/Zrzut-ekranu-2026-04-16-164447.png 780w, https:\/\/mojaoliwa.pl\/wp-content\/uploads\/2026\/04\/Zrzut-ekranu-2026-04-16-164447-294x300.png 294w, https:\/\/mojaoliwa.pl\/wp-content\/uploads\/2026\/04\/Zrzut-ekranu-2026-04-16-164447-768x783.png 768w, https:\/\/mojaoliwa.pl\/wp-content\/uploads\/2026\/04\/Zrzut-ekranu-2026-04-16-164447-600x612.png 600w\" sizes=\"(max-width: 780px) 100vw, 780px\" \/>\t\t\t\t\t\t\t\t\t\t\t\t\t\t\t<\/div>\n\t\t\t\t<\/div>\n\t\t<div class=\"elementor-element elementor-element-2d89070 e-con-full e-flex e-con e-child\" data-id=\"2d89070\" data-element_type=\"container\" data-e-type=\"container\">\n\t\t\t\t<div class=\"elementor-element elementor-element-893dbd6 elementor-widget elementor-widget-heading\" data-id=\"893dbd6\" data-element_type=\"widget\" data-e-type=\"widget\" data-widget_type=\"heading.default\">\n\t\t\t\t\t<h4 class=\"elementor-heading-title elementor-size-default\">To w\u0142a\u015bnie z takich miejsc trafia do Ciebie oliwa.\n\nPoznana na miejscu. Wybrana \u015bwiadomie.<br>\nBez po\u015brednik\u00f3w. <br>\nBez kompromis\u00f3w.\n<\/h4>\t\t\t\t<\/div>\n\t\t\t\t<div class=\"elementor-element elementor-element-fdd296c elementor-align-center elementor-widget elementor-widget-button\" data-id=\"fdd296c\" data-element_type=\"widget\" data-e-type=\"widget\" data-widget_type=\"button.default\">\n\t\t\t\t\t\t\t\t\t\t<a class=\"elementor-button elementor-button-link elementor-size-sm\" href=\"https:\/\/mojaoliwa.pl\/index.php\/produkt\/oliwa-bio-extra-vergine-sycylia\/\">\n\t\t\t\t\t\t<span class=\"elementor-button-content-wrapper\">\n\t\t\t\t\t\t\t\t\t<span class=\"elementor-button-text\">Zobacz oliw\u0119 z Sycylii<\/span>\n\t\t\t\t\t<\/span>\n\t\t\t\t\t<\/a>\n\t\t\t\t\t\t\t\t<\/div>\n\t\t\t\t<\/div>\n\t\t\t\t\t<\/div>\n\t\t\t\t<\/div>\n\t\t<div class=\"elementor-element elementor-element-63f68a8 e-flex e-con-boxed e-con e-parent\" data-id=\"63f68a8\" data-element_type=\"container\" data-e-type=\"container\">\n\t\t\t\t\t<div class=\"e-con-inner\">\n\t\t\t\t<div class=\"elementor-element elementor-element-b32bb70 elementor-widget elementor-widget-heading\" data-id=\"b32bb70\" data-element_type=\"widget\" data-e-type=\"widget\" data-widget_type=\"heading.default\">\n\t\t\t\t\t<h1 class=\"elementor-heading-title elementor-size-default\">Dlaczego od nas<\/h1>\t\t\t\t<\/div>\n\t\t\t\t<div class=\"elementor-element elementor-element-53d6666 elementor-widget elementor-widget-text-editor\" data-id=\"53d6666\" data-element_type=\"widget\" data-e-type=\"widget\" data-widget_type=\"text-editor.default\">\n\t\t\t\t\t\t\t\t\t<h3>Sprawdzone na miejscu.<\/h3>\n<h3>Nie wybieramy produkt\u00f3w z katalogu. Poznajemy je tam, gdzie powstaj\u0105.<\/h3>\n<h3>Rekomendowane przez ludzi, kt\u00f3rzy je tworz\u0105.<\/h3>\n<h3>Wsp\u00f3\u0142pracujemy bezpo\u015brednio z ma\u0142ymi producentami.<\/h3>\n<h3>Sprowadzane ponad 3000 km.<\/h3>\n<h3>Pokonuj\u0105 drog\u0119 przez r\u00f3\u017cne kraje \u2014 tak\u017ce promem \u2014 zanim trafi\u0105 do Polski.<\/h3>\n<h3>Bez po\u015brednik\u00f3w. Bez wielotygodniowego oczekiwania.<\/h3>\n<h3>To, co trafia do Ciebie, jest dok\u0142adnie tym, co sami wybrali\u015bmy.<\/h3>\t\t\t\t\t\t\t\t<\/div>\n\t\t\t\t\t<\/div>\n\t\t\t\t<\/div>\n\t\t\t\t<\/div>\n\t\t","protected":false},"excerpt":{"rendered":"<p>Sycylia, kt\u00f3r\u0105 poznali\u015bmy naprawd\u0119 Nie z przewodnika. Miejsca, do kt\u00f3rych si\u0119 wraca To w\u0142a\u015bnie z takich miejsc trafia do Ciebie oliwa. Poznana na miejscu. Wybrana \u015bwiadomie. Bez po\u015brednik\u00f3w. Bez kompromis\u00f3w. Zobacz oliw\u0119 z Sycylii Dlaczego od nas Sprawdzone na miejscu. Nie wybieramy produkt\u00f3w z katalogu. Poznajemy je tam, gdzie powstaj\u0105. Rekomendowane przez ludzi, kt\u00f3rzy je&#8230;<\/p>\n","protected":false},"author":1,"featured_media":0,"parent":0,"menu_order":0,"comment_status":"closed","ping_status":"closed","template":"","meta":{"_kadence_starter_templates_imported_post":false,"_kad_post_transparent":"","_kad_post_title":"","_kad_post_layout":"","_kad_post_sidebar_id":"","_kad_post_content_style":"","_kad_post_vertical_padding":"","_kad_post_feature":"","_kad_post_feature_position":"","_kad_post_header":false,"_kad_post_footer":false,"_kad_post_classname":"","footnotes":""},"class_list":["post-489","page","type-page","status-publish","hentry"],"yoast_head":"<!-- This site is optimized with the Yoast SEO plugin v27.3 - https:\/\/yoast.com\/product\/yoast-seo-wordpress\/ -->\n<title>Sycylia naprawd\u0119 - Moja oliwa<\/title>\n<meta name=\"robots\" content=\"index, follow, max-snippet:-1, max-image-preview:large, max-video-preview:-1\" \/>\n<link rel=\"canonical\" href=\"https:\/\/mojaoliwa.pl\/index.php\/sycylia-naprawde\/\" \/>\n<meta property=\"og:locale\" content=\"pl_PL\" \/>\n<meta property=\"og:type\" content=\"article\" \/>\n<meta property=\"og:title\" content=\"Sycylia naprawd\u0119 - Moja oliwa\" \/>\n<meta property=\"og:description\" content=\"Sycylia, kt\u00f3r\u0105 poznali\u015bmy naprawd\u0119 Nie z przewodnika. Miejsca, do kt\u00f3rych si\u0119 wraca To w\u0142a\u015bnie z takich miejsc trafia do Ciebie oliwa. Poznana na miejscu. Wybrana \u015bwiadomie. Bez po\u015brednik\u00f3w. Bez kompromis\u00f3w. Zobacz oliw\u0119 z Sycylii Dlaczego od nas Sprawdzone na miejscu. Nie wybieramy produkt\u00f3w z katalogu. Poznajemy je tam, gdzie powstaj\u0105. Rekomendowane przez ludzi, kt\u00f3rzy je...\" \/>\n<meta property=\"og:url\" content=\"https:\/\/mojaoliwa.pl\/index.php\/sycylia-naprawde\/\" \/>\n<meta property=\"og:site_name\" content=\"Moja oliwa\" \/>\n<meta property=\"article:modified_time\" content=\"2026-04-16T15:27:28+00:00\" \/>\n<meta property=\"og:image\" content=\"https:\/\/mojaoliwa.pl\/wp-content\/uploads\/2026\/04\/Zrzut-ekranu-2026-04-16-142422.png\" \/>\n\t<meta property=\"og:image:width\" content=\"952\" \/>\n\t<meta property=\"og:image:height\" content=\"635\" \/>\n\t<meta property=\"og:image:type\" content=\"image\/png\" \/>\n<meta name=\"twitter:card\" content=\"summary_large_image\" \/>\n<meta name=\"twitter:label1\" content=\"Szacowany czas czytania\" \/>\n\t<meta name=\"twitter:data1\" content=\"1 minuta\" \/>\n<script type=\"application\/ld+json\" class=\"yoast-schema-graph\">{\"@context\":\"https:\\\/\\\/schema.org\",\"@graph\":[{\"@type\":\"WebPage\",\"@id\":\"https:\\\/\\\/mojaoliwa.pl\\\/index.php\\\/sycylia-naprawde\\\/\",\"url\":\"https:\\\/\\\/mojaoliwa.pl\\\/index.php\\\/sycylia-naprawde\\\/\",\"name\":\"Sycylia naprawd\u0119 - Moja oliwa\",\"isPartOf\":{\"@id\":\"https:\\\/\\\/mojaoliwa.pl\\\/#website\"},\"primaryImageOfPage\":{\"@id\":\"https:\\\/\\\/mojaoliwa.pl\\\/index.php\\\/sycylia-naprawde\\\/#primaryimage\"},\"image\":{\"@id\":\"https:\\\/\\\/mojaoliwa.pl\\\/index.php\\\/sycylia-naprawde\\\/#primaryimage\"},\"thumbnailUrl\":\"https:\\\/\\\/mojaoliwa.pl\\\/wp-content\\\/uploads\\\/2026\\\/04\\\/Zrzut-ekranu-2026-04-16-142422-768x512.png\",\"datePublished\":\"2026-04-13T11:26:58+00:00\",\"dateModified\":\"2026-04-16T15:27:28+00:00\",\"breadcrumb\":{\"@id\":\"https:\\\/\\\/mojaoliwa.pl\\\/index.php\\\/sycylia-naprawde\\\/#breadcrumb\"},\"inLanguage\":\"pl-PL\",\"potentialAction\":[{\"@type\":\"ReadAction\",\"target\":[\"https:\\\/\\\/mojaoliwa.pl\\\/index.php\\\/sycylia-naprawde\\\/\"]}]},{\"@type\":\"ImageObject\",\"inLanguage\":\"pl-PL\",\"@id\":\"https:\\\/\\\/mojaoliwa.pl\\\/index.php\\\/sycylia-naprawde\\\/#primaryimage\",\"url\":\"https:\\\/\\\/mojaoliwa.pl\\\/wp-content\\\/uploads\\\/2026\\\/04\\\/Zrzut-ekranu-2026-04-16-142422.png\",\"contentUrl\":\"https:\\\/\\\/mojaoliwa.pl\\\/wp-content\\\/uploads\\\/2026\\\/04\\\/Zrzut-ekranu-2026-04-16-142422.png\",\"width\":952,\"height\":635,\"caption\":\"Widok na wybrze\u017ce Sycylii i morze w s\u0142oneczny dzie\u0144\"},{\"@type\":\"BreadcrumbList\",\"@id\":\"https:\\\/\\\/mojaoliwa.pl\\\/index.php\\\/sycylia-naprawde\\\/#breadcrumb\",\"itemListElement\":[{\"@type\":\"ListItem\",\"position\":1,\"name\":\"Strona g\u0142\u00f3wna\",\"item\":\"https:\\\/\\\/mojaoliwa.pl\\\/\"},{\"@type\":\"ListItem\",\"position\":2,\"name\":\"Sycylia naprawd\u0119\"}]},{\"@type\":\"WebSite\",\"@id\":\"https:\\\/\\\/mojaoliwa.pl\\\/#website\",\"url\":\"https:\\\/\\\/mojaoliwa.pl\\\/\",\"name\":\"Moja oliwa\",\"description\":\"\",\"publisher\":{\"@id\":\"https:\\\/\\\/mojaoliwa.pl\\\/#organization\"},\"potentialAction\":[{\"@type\":\"SearchAction\",\"target\":{\"@type\":\"EntryPoint\",\"urlTemplate\":\"https:\\\/\\\/mojaoliwa.pl\\\/?s={search_term_string}\"},\"query-input\":{\"@type\":\"PropertyValueSpecification\",\"valueRequired\":true,\"valueName\":\"search_term_string\"}}],\"inLanguage\":\"pl-PL\"},{\"@type\":\"Organization\",\"@id\":\"https:\\\/\\\/mojaoliwa.pl\\\/#organization\",\"name\":\"Moja oliwa\",\"url\":\"https:\\\/\\\/mojaoliwa.pl\\\/\",\"logo\":{\"@type\":\"ImageObject\",\"inLanguage\":\"pl-PL\",\"@id\":\"https:\\\/\\\/mojaoliwa.pl\\\/#\\\/schema\\\/logo\\\/image\\\/\",\"url\":\"https:\\\/\\\/mojaoliwa.pl\\\/wp-content\\\/uploads\\\/2026\\\/04\\\/cropped-Logo-_moja-oliwa_-w-cieplych-barwach.png\",\"contentUrl\":\"https:\\\/\\\/mojaoliwa.pl\\\/wp-content\\\/uploads\\\/2026\\\/04\\\/cropped-Logo-_moja-oliwa_-w-cieplych-barwach.png\",\"width\":817,\"height\":614,\"caption\":\"Moja oliwa\"},\"image\":{\"@id\":\"https:\\\/\\\/mojaoliwa.pl\\\/#\\\/schema\\\/logo\\\/image\\\/\"}}]}<\/script>\n<!-- \/ Yoast SEO plugin. -->","yoast_head_json":{"title":"Sycylia naprawd\u0119 - Moja oliwa","robots":{"index":"index","follow":"follow","max-snippet":"max-snippet:-1","max-image-preview":"max-image-preview:large","max-video-preview":"max-video-preview:-1"},"canonical":"https:\/\/mojaoliwa.pl\/index.php\/sycylia-naprawde\/","og_locale":"pl_PL","og_type":"article","og_title":"Sycylia naprawd\u0119 - Moja oliwa","og_description":"Sycylia, kt\u00f3r\u0105 poznali\u015bmy naprawd\u0119 Nie z przewodnika. Miejsca, do kt\u00f3rych si\u0119 wraca To w\u0142a\u015bnie z takich miejsc trafia do Ciebie oliwa. Poznana na miejscu. Wybrana \u015bwiadomie. Bez po\u015brednik\u00f3w. Bez kompromis\u00f3w. Zobacz oliw\u0119 z Sycylii Dlaczego od nas Sprawdzone na miejscu. Nie wybieramy produkt\u00f3w z katalogu. Poznajemy je tam, gdzie powstaj\u0105. Rekomendowane przez ludzi, kt\u00f3rzy je...","og_url":"https:\/\/mojaoliwa.pl\/index.php\/sycylia-naprawde\/","og_site_name":"Moja oliwa","article_modified_time":"2026-04-16T15:27:28+00:00","og_image":[{"width":952,"height":635,"url":"https:\/\/mojaoliwa.pl\/wp-content\/uploads\/2026\/04\/Zrzut-ekranu-2026-04-16-142422.png","type":"image\/png"}],"twitter_card":"summary_large_image","twitter_misc":{"Szacowany czas czytania":"1 minuta"},"schema":{"@context":"https:\/\/schema.org","@graph":[{"@type":"WebPage","@id":"https:\/\/mojaoliwa.pl\/index.php\/sycylia-naprawde\/","url":"https:\/\/mojaoliwa.pl\/index.php\/sycylia-naprawde\/","name":"Sycylia naprawd\u0119 - Moja oliwa","isPartOf":{"@id":"https:\/\/mojaoliwa.pl\/#website"},"primaryImageOfPage":{"@id":"https:\/\/mojaoliwa.pl\/index.php\/sycylia-naprawde\/#primaryimage"},"image":{"@id":"https:\/\/mojaoliwa.pl\/index.php\/sycylia-naprawde\/#primaryimage"},"thumbnailUrl":"https:\/\/mojaoliwa.pl\/wp-content\/uploads\/2026\/04\/Zrzut-ekranu-2026-04-16-142422-768x512.png","datePublished":"2026-04-13T11:26:58+00:00","dateModified":"2026-04-16T15:27:28+00:00","breadcrumb":{"@id":"https:\/\/mojaoliwa.pl\/index.php\/sycylia-naprawde\/#breadcrumb"},"inLanguage":"pl-PL","potentialAction":[{"@type":"ReadAction","target":["https:\/\/mojaoliwa.pl\/index.php\/sycylia-naprawde\/"]}]},{"@type":"ImageObject","inLanguage":"pl-PL","@id":"https:\/\/mojaoliwa.pl\/index.php\/sycylia-naprawde\/#primaryimage","url":"https:\/\/mojaoliwa.pl\/wp-content\/uploads\/2026\/04\/Zrzut-ekranu-2026-04-16-142422.png","contentUrl":"https:\/\/mojaoliwa.pl\/wp-content\/uploads\/2026\/04\/Zrzut-ekranu-2026-04-16-142422.png","width":952,"height":635,"caption":"Widok na wybrze\u017ce Sycylii i morze w s\u0142oneczny dzie\u0144"},{"@type":"BreadcrumbList","@id":"https:\/\/mojaoliwa.pl\/index.php\/sycylia-naprawde\/#breadcrumb","itemListElement":[{"@type":"ListItem","position":1,"name":"Strona g\u0142\u00f3wna","item":"https:\/\/mojaoliwa.pl\/"},{"@type":"ListItem","position":2,"name":"Sycylia naprawd\u0119"}]},{"@type":"WebSite","@id":"https:\/\/mojaoliwa.pl\/#website","url":"https:\/\/mojaoliwa.pl\/","name":"Moja oliwa","description":"","publisher":{"@id":"https:\/\/mojaoliwa.pl\/#organization"},"potentialAction":[{"@type":"SearchAction","target":{"@type":"EntryPoint","urlTemplate":"https:\/\/mojaoliwa.pl\/?s={search_term_string}"},"query-input":{"@type":"PropertyValueSpecification","valueRequired":true,"valueName":"search_term_string"}}],"inLanguage":"pl-PL"},{"@type":"Organization","@id":"https:\/\/mojaoliwa.pl\/#organization","name":"Moja oliwa","url":"https:\/\/mojaoliwa.pl\/","logo":{"@type":"ImageObject","inLanguage":"pl-PL","@id":"https:\/\/mojaoliwa.pl\/#\/schema\/logo\/image\/","url":"https:\/\/mojaoliwa.pl\/wp-content\/uploads\/2026\/04\/cropped-Logo-_moja-oliwa_-w-cieplych-barwach.png","contentUrl":"https:\/\/mojaoliwa.pl\/wp-content\/uploads\/2026\/04\/cropped-Logo-_moja-oliwa_-w-cieplych-barwach.png","width":817,"height":614,"caption":"Moja oliwa"},"image":{"@id":"https:\/\/mojaoliwa.pl\/#\/schema\/logo\/image\/"}}]}},"_links":{"self":[{"href":"https:\/\/mojaoliwa.pl\/index.php\/wp-json\/wp\/v2\/pages\/489","targetHints":{"allow":["GET"]}}],"collection":[{"href":"https:\/\/mojaoliwa.pl\/index.php\/wp-json\/wp\/v2\/pages"}],"about":[{"href":"https:\/\/mojaoliwa.pl\/index.php\/wp-json\/wp\/v2\/types\/page"}],"author":[{"embeddable":true,"href":"https:\/\/mojaoliwa.pl\/index.php\/wp-json\/wp\/v2\/users\/1"}],"replies":[{"embeddable":true,"href":"https:\/\/mojaoliwa.pl\/index.php\/wp-json\/wp\/v2\/comments?post=489"}],"version-history":[{"count":98,"href":"https:\/\/mojaoliwa.pl\/index.php\/wp-json\/wp\/v2\/pages\/489\/revisions"}],"predecessor-version":[{"id":1137,"href":"https:\/\/mojaoliwa.pl\/index.php\/wp-json\/wp\/v2\/pages\/489\/revisions\/1137"}],"wp:attachment":[{"href":"https:\/\/mojaoliwa.pl\/index.php\/wp-json\/wp\/v2\/media?parent=489"}],"curies":[{"name":"wp","href":"https:\/\/api.w.org\/{rel}","templated":true}]}}